{"id":16,"date":"2017-06-06T22:06:39","date_gmt":"2017-06-06T20:06:39","guid":{"rendered":"http:\/\/ordi-lyon.fr\/?page_id=16"},"modified":"2017-06-10T14:31:39","modified_gmt":"2017-06-10T12:31:39","slug":"depannage","status":"publish","type":"page","link":"https:\/\/ordi-lyon.fr\/index.php\/depannage\/","title":{"rendered":"D\u00e9pannage"},"content":{"rendered":"<div id=\"TextePage\">\n<h1 id=\"Titrepage\" style=\"text-align: center;\"><strong>Interventions \u00e0 domicile<\/strong><\/h1>\n<ul>\n \t<img loading=\"lazy\" decoding=\"async\" class=\"size-medium wp-image-59 aligncenter\" src=\"https:\/\/ordi-lyon.fr\/wp-content\/uploads\/2017\/06\/Cours-300x300.jpg\" alt=\"\" width=\"300\" height=\"300\" srcset=\"https:\/\/ordi-lyon.fr\/wp-content\/uploads\/2017\/06\/Cours-300x300.jpg 300w, https:\/\/ordi-lyon.fr\/wp-content\/uploads\/2017\/06\/Cours-150x150.jpg 150w, https:\/\/ordi-lyon.fr\/wp-content\/uploads\/2017\/06\/Cours-100x100.jpg 100w, https:\/\/ordi-lyon.fr\/wp-content\/uploads\/2017\/06\/Cours.jpg 346w\" sizes=\"auto, (max-width: 300px) 100vw, 300px\" \/><\/p>\n<div style=\"text-align: justify;\">\n<li>Votre ordinateur est en panne ou bug constamment<\/li>\n<li>Vous pensez que votre PC ou MAC est infect\u00e9 par un virus, des spywares<\/li>\n<li>Vous voulez installer un nouveau mat\u00e9riel<\/li>\n<li>Vous souhaitez vous connecter \u00e0 internet pour la premi\u00e8re fois<\/li>\n<li>Vous cherchez \u00e0 mieux g\u00e9rer votre ordinateur.<\/li>\n<li>Vous avez besoin de conseils pour l\u2019achat d\u2019un PC ou d&rsquo;un MAC<\/li>\n<li>Vous avez besoin de cours informatiques sur des logiciels courants (Word, Excel, Outlook, Open office \u2026) ou pour l&rsquo;utilisation internet.<\/li>\n<\/ul>\n<p><strong>Nous intervenons chez vous pour r\u00e9soudre tous vos probl\u00e8mes informatiques.<\/strong>\n<\/div>\n<\/div>\n<p>&nbsp;<\/p>\n","protected":false},"excerpt":{"rendered":"<p>Interventions \u00e0 domicile Votre ordinateur est en panne ou bug constamment Vous pensez que votre PC ou MAC est infect\u00e9 par un virus, des spywares Vous voulez installer un nouveau mat\u00e9riel Vous souhaitez vous connecter \u00e0 internet pour la premi\u00e8re fois Vous cherchez \u00e0 mieux g\u00e9rer votre ordinateur. Vous avez besoin de conseils pour l\u2019achat &hellip; <\/p>\n<p class=\"link-more\"><a href=\"https:\/\/ordi-lyon.fr\/index.php\/depannage\/\" class=\"more-link\">Continuer la lecture<span class=\"screen-reader-text\"> de &laquo;&nbsp;D\u00e9pannage&nbsp;&raquo;<\/span><\/a><\/p>\n","protected":false},"author":1,"featured_media":0,"parent":0,"menu_order":0,"comment_status":"closed","ping_status":"closed","template":"","meta":{"footnotes":""},"class_list":["post-16","page","type-page","status-publish","hentry"],"aioseo_notices":[],"_links":{"self":[{"href":"https:\/\/ordi-lyon.fr\/index.php\/wp-json\/wp\/v2\/pages\/16","targetHints":{"allow":["GET"]}}],"collection":[{"href":"https:\/\/ordi-lyon.fr\/index.php\/wp-json\/wp\/v2\/pages"}],"about":[{"href":"https:\/\/ordi-lyon.fr\/index.php\/wp-json\/wp\/v2\/types\/page"}],"author":[{"embeddable":true,"href":"https:\/\/ordi-lyon.fr\/index.php\/wp-json\/wp\/v2\/users\/1"}],"replies":[{"embeddable":true,"href":"https:\/\/ordi-lyon.fr\/index.php\/wp-json\/wp\/v2\/comments?post=16"}],"version-history":[{"count":4,"href":"https:\/\/ordi-lyon.fr\/index.php\/wp-json\/wp\/v2\/pages\/16\/revisions"}],"predecessor-version":[{"id":85,"href":"https:\/\/ordi-lyon.fr\/index.php\/wp-json\/wp\/v2\/pages\/16\/revisions\/85"}],"wp:attachment":[{"href":"https:\/\/ordi-lyon.fr\/index.php\/wp-json\/wp\/v2\/media?parent=16"}],"curies":[{"name":"wp","href":"https:\/\/api.w.org\/{rel}","templated":true}]}}