{"id":17,"date":"2017-06-06T22:06:39","date_gmt":"2017-06-06T20:06:39","guid":{"rendered":"http:\/\/ordi-lyon.fr\/?page_id=17"},"modified":"2017-06-10T14:39:38","modified_gmt":"2017-06-10T12:39:38","slug":"maintenance","status":"publish","type":"page","link":"https:\/\/ordi-lyon.fr\/index.php\/maintenance\/","title":{"rendered":"Maintenance"},"content":{"rendered":"<h1 id=\"Titrepage\" style=\"text-align: center;\"><strong>Maintenance informatique<\/strong><\/h1>\n<p><img loading=\"lazy\" decoding=\"async\" class=\"size-medium wp-image-65 aligncenter\" src=\"https:\/\/ordi-lyon.fr\/wp-content\/uploads\/2017\/06\/PC_stetoscope2-300x194.jpg\" alt=\"\" width=\"300\" height=\"194\" srcset=\"https:\/\/ordi-lyon.fr\/wp-content\/uploads\/2017\/06\/PC_stetoscope2-300x194.jpg 300w, https:\/\/ordi-lyon.fr\/wp-content\/uploads\/2017\/06\/PC_stetoscope2.jpg 431w\" sizes=\"auto, (max-width: 300px) 100vw, 300px\" \/><\/p>\n<div style=\"text-align: justify;\">\nVous voulez :<\/p>\n<ul>\n<li>Mettre \u00e0 jour des pilotes (Drivers)<\/li>\n<li>Nettoyer vos disques\u00a0durs ou les partitionner<\/li>\n<li>Faire une recherche et \u00e9radiquer des virus, des spywares\u2026<\/li>\n<li>Optimiser votre syst\u00e8me \u00e0 vos besoins (Acc\u00e9l\u00e9rer le d\u00e9marrage de Windows&#8230;)<\/li>\n<\/ul>\n<p><strong>Nous intervenons chez vous pour r\u00e9soudre tous vos probl\u00e8mes informatiques.<\/strong>\n<\/div>\n","protected":false},"excerpt":{"rendered":"<p>Maintenance informatique Vous voulez : Mettre \u00e0 jour des pilotes (Drivers) Nettoyer vos disques\u00a0durs ou les partitionner Faire une recherche et \u00e9radiquer des virus, des spywares\u2026 Optimiser votre syst\u00e8me \u00e0 vos besoins (Acc\u00e9l\u00e9rer le d\u00e9marrage de Windows&#8230;) Nous intervenons chez vous pour r\u00e9soudre tous vos probl\u00e8mes informatiques.<\/p>\n","protected":false},"author":1,"featured_media":0,"parent":0,"menu_order":0,"comment_status":"closed","ping_status":"closed","template":"","meta":{"footnotes":""},"class_list":["post-17","page","type-page","status-publish","hentry"],"aioseo_notices":[],"_links":{"self":[{"href":"https:\/\/ordi-lyon.fr\/index.php\/wp-json\/wp\/v2\/pages\/17","targetHints":{"allow":["GET"]}}],"collection":[{"href":"https:\/\/ordi-lyon.fr\/index.php\/wp-json\/wp\/v2\/pages"}],"about":[{"href":"https:\/\/ordi-lyon.fr\/index.php\/wp-json\/wp\/v2\/types\/page"}],"author":[{"embeddable":true,"href":"https:\/\/ordi-lyon.fr\/index.php\/wp-json\/wp\/v2\/users\/1"}],"replies":[{"embeddable":true,"href":"https:\/\/ordi-lyon.fr\/index.php\/wp-json\/wp\/v2\/comments?post=17"}],"version-history":[{"count":4,"href":"https:\/\/ordi-lyon.fr\/index.php\/wp-json\/wp\/v2\/pages\/17\/revisions"}],"predecessor-version":[{"id":87,"href":"https:\/\/ordi-lyon.fr\/index.php\/wp-json\/wp\/v2\/pages\/17\/revisions\/87"}],"wp:attachment":[{"href":"https:\/\/ordi-lyon.fr\/index.php\/wp-json\/wp\/v2\/media?parent=17"}],"curies":[{"name":"wp","href":"https:\/\/api.w.org\/{rel}","templated":true}]}}