{"id":18,"date":"2017-06-06T22:06:39","date_gmt":"2017-06-06T20:06:39","guid":{"rendered":"http:\/\/ordi-lyon.fr\/?page_id=18"},"modified":"2017-06-10T14:39:19","modified_gmt":"2017-06-10T12:39:19","slug":"installation","status":"publish","type":"page","link":"https:\/\/ordi-lyon.fr\/index.php\/installation\/","title":{"rendered":"Installation"},"content":{"rendered":"<h1 id=\"Titrepage\" style=\"text-align: center;\"><strong>Installations courantes<\/strong><\/h1>\n<p><img loading=\"lazy\" decoding=\"async\" class=\"size-medium wp-image-68 aligncenter\" src=\"https:\/\/ordi-lyon.fr\/wp-content\/uploads\/2017\/06\/Portable-300x199.jpg\" alt=\"\" width=\"300\" height=\"199\" srcset=\"https:\/\/ordi-lyon.fr\/wp-content\/uploads\/2017\/06\/Portable-300x199.jpg 300w, https:\/\/ordi-lyon.fr\/wp-content\/uploads\/2017\/06\/Portable.jpg 425w\" sizes=\"auto, (max-width: 300px) 100vw, 300px\" \/><\/p>\n<p>Vous voulez :<\/p>\n<div style=\"text-align: justify;\">\n<ul>\n<li>Installer ou optimiser Windows ou MAC OS ainsi que tous les logiciels indispensables<\/li>\n<li>Installer des logiciels sous licences gratuites utiles \u00e0 vos besoins<\/li>\n<li>Installer et param\u00e9trer votre mat\u00e9riel (disque dur, m\u00e9moire vive, graveur\u2026)<\/li>\n<li>Installer vos p\u00e9riph\u00e9riques (Imprimante, Webcam, Scanner, Appareil photo num\u00e9rique\u2026)<\/li>\n<li>Mettre en place\u00a0un r\u00e9seau (avec ou sans fil, CPL\u2026) et effectuer le partage de fichiers, d&rsquo;imprimantes et d&rsquo;internet\u2026<\/li>\n<\/ul>\n<p><strong>Nous intervenons chez vous pour r\u00e9soudre tous vos probl\u00e8mes informatiques.<\/strong>\n<\/div>\n","protected":false},"excerpt":{"rendered":"<p>Installations courantes Vous voulez : Installer ou optimiser Windows ou MAC OS ainsi que tous les logiciels indispensables Installer des logiciels sous licences gratuites utiles \u00e0 vos besoins Installer et param\u00e9trer votre mat\u00e9riel (disque dur, m\u00e9moire vive, graveur\u2026) Installer vos p\u00e9riph\u00e9riques (Imprimante, Webcam, Scanner, Appareil photo num\u00e9rique\u2026) Mettre en place\u00a0un r\u00e9seau (avec ou sans fil, &hellip; <\/p>\n<p class=\"link-more\"><a href=\"https:\/\/ordi-lyon.fr\/index.php\/installation\/\" class=\"more-link\">Continuer la lecture<span class=\"screen-reader-text\"> de &laquo;&nbsp;Installation&nbsp;&raquo;<\/span><\/a><\/p>\n","protected":false},"author":1,"featured_media":0,"parent":0,"menu_order":0,"comment_status":"closed","ping_status":"closed","template":"","meta":{"footnotes":""},"class_list":["post-18","page","type-page","status-publish","hentry"],"aioseo_notices":[],"_links":{"self":[{"href":"https:\/\/ordi-lyon.fr\/index.php\/wp-json\/wp\/v2\/pages\/18","targetHints":{"allow":["GET"]}}],"collection":[{"href":"https:\/\/ordi-lyon.fr\/index.php\/wp-json\/wp\/v2\/pages"}],"about":[{"href":"https:\/\/ordi-lyon.fr\/index.php\/wp-json\/wp\/v2\/types\/page"}],"author":[{"embeddable":true,"href":"https:\/\/ordi-lyon.fr\/index.php\/wp-json\/wp\/v2\/users\/1"}],"replies":[{"embeddable":true,"href":"https:\/\/ordi-lyon.fr\/index.php\/wp-json\/wp\/v2\/comments?post=18"}],"version-history":[{"count":3,"href":"https:\/\/ordi-lyon.fr\/index.php\/wp-json\/wp\/v2\/pages\/18\/revisions"}],"predecessor-version":[{"id":86,"href":"https:\/\/ordi-lyon.fr\/index.php\/wp-json\/wp\/v2\/pages\/18\/revisions\/86"}],"wp:attachment":[{"href":"https:\/\/ordi-lyon.fr\/index.php\/wp-json\/wp\/v2\/media?parent=18"}],"curies":[{"name":"wp","href":"https:\/\/api.w.org\/{rel}","templated":true}]}}