{"id":7,"date":"2017-06-06T22:06:38","date_gmt":"2017-06-06T20:06:38","guid":{"rendered":"http:\/\/ordi-lyon.fr\/?page_id=7"},"modified":"2020-10-30T13:43:44","modified_gmt":"2020-10-30T12:43:44","slug":"accueil","status":"publish","type":"page","link":"https:\/\/ordi-lyon.fr\/","title":{"rendered":"Accueil"},"content":{"rendered":"\n<h1 class=\"has-text-align-center wp-block-heading\"><strong>ORDI Lyon<\/strong><\/h1>\n\n\n\n<br>\n\n\n\n<div><figure><img loading=\"lazy\" decoding=\"async\" class=\"size-full wp-image-56 aligncenter\" src=\"https:\/\/ordi-lyon.fr\/wp-content\/uploads\/2017\/06\/prisedetete.gif\" alt=\"\" width=\"113\" height=\"113\" srcset=\"https:\/\/ordi-lyon.fr\/wp-content\/uploads\/2017\/06\/prisedetete.gif 113w, https:\/\/ordi-lyon.fr\/wp-content\/uploads\/2017\/06\/prisedetete-100x100.gif 100w\" sizes=\"auto, (max-width: 113px) 100vw, 113px\" \/><\/figure><\/div>\n\n\n\n<br>\n\n\n\n<div style=\"text-align: center;\"><big>Vous avez un probl\u00e8me informatique,<\/big><\/div>\n\n\n\n<br>\n\n\n\n<div style=\"text-align: center;\"><big>Votre ordinateur ne veut plus d\u00e9marrer, <\/big><br><big>Il est tr\u00e8s lent \u00e0 cause d&rsquo;un virus, <\/big><br><big>Vous voulez r\u00e9cup\u00e9rer les donn\u00e9es du disque dur avant de formater, <\/big><\/div>\n\n\n\n<br>\n\n\n\n<div style=\"text-align: center;\"><big>Vous voulez un conseil informatique&#8230;<\/big><\/div>\n\n\n\n<br>\n\n\n\n<div>&nbsp;<\/div>\n\n\n\n<br>\n\n\n\n<div style=\"text-align: justify;\">\n<div><big><strong>ORDI Lyon<\/strong> est une soci\u00e9t\u00e9 de services destin\u00e9e aux particuliers, sp\u00e9cialis\u00e9e dans le d\u00e9pannage informatique, l&rsquo;assistance, la maintenance, la formation et l&rsquo;installation de mat\u00e9riel informatique.<\/big><\/div>\n<div>&nbsp;<\/div>\n<div>&nbsp;<\/div>\n<div><big><strong> Plus besoin de porter votre ordinateur<\/strong> chez le d\u00e9panneur informatique ou le magasin&nbsp;o\u00f9 vous l&rsquo;avez achet\u00e9 et attendre plusieurs semaines. Nous intervenons \u00e0 domicile pour r\u00e9parer votre ordinateur ou r\u00e9soudre vos probl\u00e8mes informatiques.<br><\/big><\/div>\n<\/div>\n\n\n\n<br>\n\n\n\n<div>&nbsp;<\/div>\n\n\n\n<br>\n\n\n\n<div style=\"text-align: justify;\">\n<div><big> Pour une intervention rapide, appelez nous au <strong>06 13 84 31 48<\/strong> ou par mail en cliquant <a href=\"https:\/\/ordi-lyon.fr\/index.php\/contact\/\">ici<\/a>, un technicien r\u00e9alisera un diagnostique et vous \u00e9tablira un devis gratuit pour une intervention \u00e0 domicile.<\/big><\/div>\n<div>&nbsp;<\/div>\n<div>&nbsp;<\/div>\n<div><big> Nous intervenons sur les ordinateurs PC ou MAC, t\u00e9l\u00e9phones Android, Apple ou Windows Phone, sur les box internet, les box TV&#8230;<\/big><\/div>\n<div>&nbsp;<\/div>\n<div>&nbsp;<\/div>\n<div><big> Nous intervenons sur Lyon et ses environs.<\/big><\/div>\n<div>&nbsp;<\/div>\n<div>&nbsp;<\/div>\n<div><big> Tous nos tarifs sont clairs et d\u00e9taill\u00e9s, cliquez <a href=\"https:\/\/ordi-lyon.fr\/index.php\/tarifs\/\">ici<\/a> pour les voir.<\/big><\/div>\n<div>&nbsp;<\/div>\n<div>&nbsp;<\/div>\n<div><big> En cas de r\u00e9apparition du m\u00eame probl\u00e8me dans les 7 jours suivant notre intervention \u00e0 votre domicile, nous nous engageons \u00e0 intervenir une seconde fois gratuitement.<\/big><\/div>\n<\/div>\n\n\n\n<br>\n\n\n\n<div>&nbsp;<\/div>\n\n\n\n<br>\n\n\n\n<div>&nbsp;<\/div>\n\n\n\n<br>\n\n\n\n<div><figure><img loading=\"lazy\" decoding=\"async\" class=\"size-medium wp-image-13 aligncenter\" src=\"http:\/\/ordi-lyon.fr\/wp-content\/uploads\/2017\/06\/Logo-512x512-230x300.jpg\" alt=\"\" width=\"230\" height=\"300\" srcset=\"https:\/\/ordi-lyon.fr\/wp-content\/uploads\/2017\/06\/Logo-512x512-230x300.jpg 230w, https:\/\/ordi-lyon.fr\/wp-content\/uploads\/2017\/06\/Logo-512x512.jpg 392w\" sizes=\"auto, (max-width: 230px) 100vw, 230px\" \/><\/figure><\/div>\n","protected":false},"excerpt":{"rendered":"<p>ORDI Lyon Vous avez un probl\u00e8me informatique, Votre ordinateur ne veut plus d\u00e9marrer, Il est tr\u00e8s lent \u00e0 cause d&rsquo;un virus, Vous voulez r\u00e9cup\u00e9rer les donn\u00e9es du disque dur avant de formater, Vous voulez un conseil informatique&#8230; &nbsp; ORDI Lyon est une soci\u00e9t\u00e9 de services destin\u00e9e aux particuliers, sp\u00e9cialis\u00e9e dans le d\u00e9pannage informatique, l&rsquo;assistance, la &hellip; <\/p>\n<p class=\"link-more\"><a href=\"https:\/\/ordi-lyon.fr\/\" class=\"more-link\">Continuer la lecture<span class=\"screen-reader-text\"> de &laquo;&nbsp;Accueil&nbsp;&raquo;<\/span><\/a><\/p>\n","protected":false},"author":1,"featured_media":0,"parent":0,"menu_order":0,"comment_status":"closed","ping_status":"closed","template":"","meta":{"footnotes":""},"class_list":["post-7","page","type-page","status-publish","hentry"],"aioseo_notices":[],"_links":{"self":[{"href":"https:\/\/ordi-lyon.fr\/index.php\/wp-json\/wp\/v2\/pages\/7","targetHints":{"allow":["GET"]}}],"collection":[{"href":"https:\/\/ordi-lyon.fr\/index.php\/wp-json\/wp\/v2\/pages"}],"about":[{"href":"https:\/\/ordi-lyon.fr\/index.php\/wp-json\/wp\/v2\/types\/page"}],"author":[{"embeddable":true,"href":"https:\/\/ordi-lyon.fr\/index.php\/wp-json\/wp\/v2\/users\/1"}],"replies":[{"embeddable":true,"href":"https:\/\/ordi-lyon.fr\/index.php\/wp-json\/wp\/v2\/comments?post=7"}],"version-history":[{"count":32,"href":"https:\/\/ordi-lyon.fr\/index.php\/wp-json\/wp\/v2\/pages\/7\/revisions"}],"predecessor-version":[{"id":6536,"href":"https:\/\/ordi-lyon.fr\/index.php\/wp-json\/wp\/v2\/pages\/7\/revisions\/6536"}],"wp:attachment":[{"href":"https:\/\/ordi-lyon.fr\/index.php\/wp-json\/wp\/v2\/media?parent=7"}],"curies":[{"name":"wp","href":"https:\/\/api.w.org\/{rel}","templated":true}]}}